{"id":794,"date":"2022-01-13T13:42:39","date_gmt":"2022-01-13T13:42:39","guid":{"rendered":"https:\/\/wp.dala.ch\/chambre-avec-petit-dejeuner-copieux-buffet-de-petit-dejeuner\/"},"modified":"2024-03-12T14:42:00","modified_gmt":"2024-03-12T14:42:00","slug":"chambre-avec-petit-dejeuner-copieux-buffet-de-petit-dejeuner","status":"publish","type":"page","link":"https:\/\/www.dala.ch\/fr\/chambre-avec-petit-dejeuner-copieux-buffet-de-petit-dejeuner\/","title":{"rendered":"Chambre avec petit d\u00e9jeuner copieux &amp; buffet de petit d\u00e9jeuner"},"content":{"rendered":"\n<section class=\"wp-block-uagb-section uagb-section__wrap uagb-section__background-color uagb-block-4b1de61a fix-scroll\"><div class=\"uagb-section__overlay\"><\/div><div class=\"uagb-section__inner-wrap\">\n<h1 class=\"wp-block-heading\" id=\"zimmer-mit-reichhaltigem-fruhstuck-fruhstucksbuffet\"><meta charset=\"utf-8\">Petit-d\u00e9jeuner copieux avec des produits de fournisseurs locaux<\/h1>\n\n\n\n<div style=\"height:40px\" aria-hidden=\"true\" class=\"wp-block-spacer\"><\/div>\n\n\n\n<figure class=\"wp-block-gallery has-nested-images columns-default is-cropped wp-block-gallery-1 is-layout-flex wp-block-gallery-is-layout-flex\">\n<figure class=\"wp-block-image size-large\"><a href=\"https:\/\/www.dala.ch\/wp-content\/uploads\/2022\/01\/Dala-hotel-6.jpg\"><img loading=\"lazy\" decoding=\"async\" width=\"1024\" height=\"684\" data-id=\"720\" src=\"https:\/\/www.dala.ch\/wp-content\/uploads\/2022\/01\/Dala-hotel-6-1024x684.jpg\" alt=\"Diff\u00e9rents pains pour le petit-d\u00e9jeuner \u00e0 l'h\u00f4tel\" class=\"wp-image-720\" srcset=\"https:\/\/www.dala.ch\/wp-content\/uploads\/2022\/01\/Dala-hotel-6-1024x684.jpg 1024w, https:\/\/www.dala.ch\/wp-content\/uploads\/2022\/01\/Dala-hotel-6-300x200.jpg 300w, https:\/\/www.dala.ch\/wp-content\/uploads\/2022\/01\/Dala-hotel-6-768x513.jpg 768w, https:\/\/www.dala.ch\/wp-content\/uploads\/2022\/01\/Dala-hotel-6-1536x1025.jpg 1536w, https:\/\/www.dala.ch\/wp-content\/uploads\/2022\/01\/Dala-hotel-6-2048x1367.jpg 2048w, https:\/\/www.dala.ch\/wp-content\/uploads\/2022\/01\/Dala-hotel-6.jpg 2301w\" sizes=\"auto, (max-width: 1024px) 100vw, 1024px\" \/><\/a><\/figure>\n\n\n\n<figure class=\"wp-block-image size-large\"><a href=\"https:\/\/www.dala.ch\/wp-content\/uploads\/2022\/01\/Dala-hotel-25.jpg\"><img loading=\"lazy\" decoding=\"async\" width=\"1024\" height=\"684\" data-id=\"724\" src=\"https:\/\/www.dala.ch\/wp-content\/uploads\/2022\/01\/Dala-hotel-25-1024x684.jpg\" alt=\"Buffet de petit-d\u00e9jeuner \u00e0 l'h\u00f4tel dala \u00e0 Lo\u00e8che-les-Bains\" class=\"wp-image-724\" srcset=\"https:\/\/www.dala.ch\/wp-content\/uploads\/2022\/01\/Dala-hotel-25-1024x684.jpg 1024w, https:\/\/www.dala.ch\/wp-content\/uploads\/2022\/01\/Dala-hotel-25-300x200.jpg 300w, https:\/\/www.dala.ch\/wp-content\/uploads\/2022\/01\/Dala-hotel-25-768x513.jpg 768w, https:\/\/www.dala.ch\/wp-content\/uploads\/2022\/01\/Dala-hotel-25-1536x1025.jpg 1536w, https:\/\/www.dala.ch\/wp-content\/uploads\/2022\/01\/Dala-hotel-25-2048x1367.jpg 2048w, https:\/\/www.dala.ch\/wp-content\/uploads\/2022\/01\/Dala-hotel-25.jpg 2301w\" sizes=\"auto, (max-width: 1024px) 100vw, 1024px\" \/><\/a><\/figure>\n\n\n\n<figure class=\"wp-block-image size-large\"><a href=\"https:\/\/www.dala.ch\/wp-content\/uploads\/2022\/01\/Dala-hotel-18.jpg\"><img loading=\"lazy\" decoding=\"async\" width=\"1024\" height=\"684\" data-id=\"722\" src=\"https:\/\/www.dala.ch\/wp-content\/uploads\/2022\/01\/Dala-hotel-18-1024x684.jpg\" alt=\"Buffet de fruits et de c\u00e9r\u00e9ales \u00e0 l'h\u00f4tel\" class=\"wp-image-722\" srcset=\"https:\/\/www.dala.ch\/wp-content\/uploads\/2022\/01\/Dala-hotel-18-1024x684.jpg 1024w, https:\/\/www.dala.ch\/wp-content\/uploads\/2022\/01\/Dala-hotel-18-300x200.jpg 300w, https:\/\/www.dala.ch\/wp-content\/uploads\/2022\/01\/Dala-hotel-18-768x513.jpg 768w, https:\/\/www.dala.ch\/wp-content\/uploads\/2022\/01\/Dala-hotel-18-1536x1025.jpg 1536w, https:\/\/www.dala.ch\/wp-content\/uploads\/2022\/01\/Dala-hotel-18-2048x1367.jpg 2048w, https:\/\/www.dala.ch\/wp-content\/uploads\/2022\/01\/Dala-hotel-18.jpg 2301w\" sizes=\"auto, (max-width: 1024px) 100vw, 1024px\" \/><\/a><\/figure>\n\n\n\n<figure class=\"wp-block-image size-large\"><a href=\"https:\/\/www.dala.ch\/wp-content\/uploads\/2022\/01\/Dala-hotel-31.jpg\"><img loading=\"lazy\" decoding=\"async\" width=\"1024\" height=\"684\" data-id=\"726\" src=\"https:\/\/www.dala.ch\/wp-content\/uploads\/2022\/01\/Dala-hotel-31-1024x684.jpg\" alt=\"3 g\u00e9n\u00e9rations autour de la table du petit-d\u00e9jeuner\" class=\"wp-image-726\" srcset=\"https:\/\/www.dala.ch\/wp-content\/uploads\/2022\/01\/Dala-hotel-31-1024x684.jpg 1024w, https:\/\/www.dala.ch\/wp-content\/uploads\/2022\/01\/Dala-hotel-31-300x200.jpg 300w, https:\/\/www.dala.ch\/wp-content\/uploads\/2022\/01\/Dala-hotel-31-768x513.jpg 768w, https:\/\/www.dala.ch\/wp-content\/uploads\/2022\/01\/Dala-hotel-31-1536x1025.jpg 1536w, https:\/\/www.dala.ch\/wp-content\/uploads\/2022\/01\/Dala-hotel-31-2048x1367.jpg 2048w, https:\/\/www.dala.ch\/wp-content\/uploads\/2022\/01\/Dala-hotel-31.jpg 2301w\" sizes=\"auto, (max-width: 1024px) 100vw, 1024px\" \/><\/a><\/figure>\n\n\n\n<figure class=\"wp-block-image size-large\"><a href=\"https:\/\/www.dala.ch\/wp-content\/uploads\/2022\/01\/Dala-hotel-43.jpg\"><img loading=\"lazy\" decoding=\"async\" width=\"1024\" height=\"684\" data-id=\"728\" src=\"https:\/\/www.dala.ch\/wp-content\/uploads\/2022\/01\/Dala-hotel-43-1024x684.jpg\" alt=\"Des fruits pour le petit d\u00e9jeuner\" class=\"wp-image-728\" srcset=\"https:\/\/www.dala.ch\/wp-content\/uploads\/2022\/01\/Dala-hotel-43-1024x684.jpg 1024w, https:\/\/www.dala.ch\/wp-content\/uploads\/2022\/01\/Dala-hotel-43-300x200.jpg 300w, https:\/\/www.dala.ch\/wp-content\/uploads\/2022\/01\/Dala-hotel-43-768x513.jpg 768w, https:\/\/www.dala.ch\/wp-content\/uploads\/2022\/01\/Dala-hotel-43-1536x1025.jpg 1536w, https:\/\/www.dala.ch\/wp-content\/uploads\/2022\/01\/Dala-hotel-43-2048x1367.jpg 2048w, https:\/\/www.dala.ch\/wp-content\/uploads\/2022\/01\/Dala-hotel-43.jpg 2301w\" sizes=\"auto, (max-width: 1024px) 100vw, 1024px\" \/><\/a><\/figure>\n\n\n\n<figure class=\"wp-block-image size-large\"><a href=\"https:\/\/www.dala.ch\/wp-content\/uploads\/2022\/01\/Dala-hotel-32.jpg\"><img loading=\"lazy\" decoding=\"async\" width=\"1024\" height=\"684\" data-id=\"730\" src=\"https:\/\/www.dala.ch\/wp-content\/uploads\/2022\/01\/Dala-hotel-32-1024x684.jpg\" alt=\"Gar\u00e7on mangeant au petit d\u00e9jeuner\" class=\"wp-image-730\" srcset=\"https:\/\/www.dala.ch\/wp-content\/uploads\/2022\/01\/Dala-hotel-32-1024x684.jpg 1024w, https:\/\/www.dala.ch\/wp-content\/uploads\/2022\/01\/Dala-hotel-32-300x200.jpg 300w, https:\/\/www.dala.ch\/wp-content\/uploads\/2022\/01\/Dala-hotel-32-768x513.jpg 768w, https:\/\/www.dala.ch\/wp-content\/uploads\/2022\/01\/Dala-hotel-32-1536x1025.jpg 1536w, https:\/\/www.dala.ch\/wp-content\/uploads\/2022\/01\/Dala-hotel-32-2048x1367.jpg 2048w, https:\/\/www.dala.ch\/wp-content\/uploads\/2022\/01\/Dala-hotel-32.jpg 2301w\" sizes=\"auto, (max-width: 1024px) 100vw, 1024px\" \/><\/a><\/figure>\n\n\n\n<figure class=\"wp-block-image size-large\"><a href=\"https:\/\/www.dala.ch\/wp-content\/uploads\/2022\/01\/Dala-hotel-53.jpg\"><img loading=\"lazy\" decoding=\"async\" width=\"1024\" height=\"684\" data-id=\"732\" src=\"https:\/\/www.dala.ch\/wp-content\/uploads\/2022\/01\/Dala-hotel-53-1024x684.jpg\" alt=\"Petit-d\u00e9jeuner \u00e0 l'h\u00f4tel dala \u00e0 Lo\u00e8che-les-Bains\" class=\"wp-image-732\" srcset=\"https:\/\/www.dala.ch\/wp-content\/uploads\/2022\/01\/Dala-hotel-53-1024x684.jpg 1024w, https:\/\/www.dala.ch\/wp-content\/uploads\/2022\/01\/Dala-hotel-53-300x200.jpg 300w, https:\/\/www.dala.ch\/wp-content\/uploads\/2022\/01\/Dala-hotel-53-768x513.jpg 768w, https:\/\/www.dala.ch\/wp-content\/uploads\/2022\/01\/Dala-hotel-53-1536x1025.jpg 1536w, https:\/\/www.dala.ch\/wp-content\/uploads\/2022\/01\/Dala-hotel-53-2048x1367.jpg 2048w, https:\/\/www.dala.ch\/wp-content\/uploads\/2022\/01\/Dala-hotel-53.jpg 2301w\" sizes=\"auto, (max-width: 1024px) 100vw, 1024px\" \/><\/a><\/figure>\n\n\n\n<figure class=\"wp-block-image size-large\"><a href=\"https:\/\/www.dala.ch\/wp-content\/uploads\/2022\/01\/Dala-hotel-10.jpg\"><img loading=\"lazy\" decoding=\"async\" width=\"1024\" height=\"684\" data-id=\"734\" src=\"https:\/\/www.dala.ch\/wp-content\/uploads\/2022\/01\/Dala-hotel-10-1024x684.jpg\" alt=\"Divers fromages pour le petit-d\u00e9jeuner\" class=\"wp-image-734\" srcset=\"https:\/\/www.dala.ch\/wp-content\/uploads\/2022\/01\/Dala-hotel-10-1024x684.jpg 1024w, https:\/\/www.dala.ch\/wp-content\/uploads\/2022\/01\/Dala-hotel-10-300x200.jpg 300w, https:\/\/www.dala.ch\/wp-content\/uploads\/2022\/01\/Dala-hotel-10-768x513.jpg 768w, https:\/\/www.dala.ch\/wp-content\/uploads\/2022\/01\/Dala-hotel-10-1536x1025.jpg 1536w, https:\/\/www.dala.ch\/wp-content\/uploads\/2022\/01\/Dala-hotel-10-2048x1367.jpg 2048w, https:\/\/www.dala.ch\/wp-content\/uploads\/2022\/01\/Dala-hotel-10.jpg 2301w\" sizes=\"auto, (max-width: 1024px) 100vw, 1024px\" \/><\/a><\/figure>\n\n\n\n<figure class=\"wp-block-image size-large\"><a href=\"https:\/\/www.dala.ch\/wp-content\/uploads\/2022\/01\/Dala-hotel-12.jpg\"><img loading=\"lazy\" decoding=\"async\" width=\"1024\" height=\"684\" data-id=\"736\" src=\"https:\/\/www.dala.ch\/wp-content\/uploads\/2022\/01\/Dala-hotel-12-1024x684.jpg\" alt=\"Divers produits carn\u00e9s pour le petit-d\u00e9jeuner\" class=\"wp-image-736\" srcset=\"https:\/\/www.dala.ch\/wp-content\/uploads\/2022\/01\/Dala-hotel-12-1024x684.jpg 1024w, https:\/\/www.dala.ch\/wp-content\/uploads\/2022\/01\/Dala-hotel-12-300x200.jpg 300w, https:\/\/www.dala.ch\/wp-content\/uploads\/2022\/01\/Dala-hotel-12-768x513.jpg 768w, https:\/\/www.dala.ch\/wp-content\/uploads\/2022\/01\/Dala-hotel-12-1536x1025.jpg 1536w, https:\/\/www.dala.ch\/wp-content\/uploads\/2022\/01\/Dala-hotel-12-2048x1367.jpg 2048w, https:\/\/www.dala.ch\/wp-content\/uploads\/2022\/01\/Dala-hotel-12.jpg 2301w\" sizes=\"auto, (max-width: 1024px) 100vw, 1024px\" \/><\/a><\/figure>\n<\/figure>\n\n\n\n<p>Pour bien commencer la journ\u00e9e, il faut prendre un copieux petit-d\u00e9jeuner. Diff\u00e9rents pains aux c\u00e9r\u00e9ales et pains blancs, des confitures, de la charcuterie et divers fromages de la r\u00e9gion - tous des produits de fournisseurs locaux - sont \u00e0 disposition, tout comme des \u0153ufs brouill\u00e9s avec du lard, des \u0153ufs \u00e0 la coque, divers yogourts, du muesli, de la salade de fruits, des fruits frais ainsi que diverses c\u00e9r\u00e9ales et cornflakes, etc.<\/p>\n\n\n\n<p>Servez-vous \u00e0 la machine \u00e0 caf\u00e9 Franke avec du caf\u00e9, du macchiatto, du capuccino, du caf\u00e9 au lait, du chocolat ou de l'ovo, ou go\u00fbtez un th\u00e9 d\u00e9licieux parmi les 12 sortes de th\u00e9 propos\u00e9es.<\/p>\n\n\n\n<p>Le buffet du petit-d\u00e9jeuner est \u00e0 la disposition des clients de l'h\u00f4tel tous les jours \u00e0 partir de 08 - 10 heures. Clients externes \u00e9galement bienvenus; le buffet Fr. 25.- par personne, sur r\u00e9servation jusqu'\u00e0 la veille<\/p>\n<\/div><\/section>\n\n\n\n<section class=\"wp-block-uagb-section uagb-section__wrap uagb-section__background-color uagb-block-f1316172\"><div class=\"uagb-section__overlay\"><\/div><div class=\"uagb-section__inner-wrap\">\n<section class=\"wp-block-uagb-columns uagb-columns__wrap uagb-columns__background-none uagb-columns__stack-mobile uagb-columns__valign- uagb-columns__gap-10 align uagb-block-b8590cf9 uagb-columns__columns-2 uagb-columns__max_width-theme\"><div class=\"uagb-columns__overlay\"><\/div><div class=\"uagb-columns__inner-wrap uagb-columns__columns-2\">\n<div class=\"wp-block-uagb-column uagb-column__wrap uagb-column__background-undefined uagb-block-11eef911\"><div class=\"uagb-column__overlay\"><\/div>\n<h2 class=\"wp-block-heading\" id=\"haufig-gestellte-fragen\">R\u00e9server avec avantage<\/h2>\n\n\n\n<p>en seulement 3 minutes et seulement ici avec 10% de r\u00e9duction \u00e0 l'h\u00f4tel dala \u00e0 Leukerbad<\/p>\n<\/div>\n\n\n\n<div class=\"wp-block-uagb-column uagb-column__wrap uagb-column__background-undefined uagb-block-b6ba6fef\"><div class=\"uagb-column__overlay\"><\/div>\n<div style=\"height:50px\" aria-hidden=\"true\" class=\"wp-block-spacer\"><\/div>\n\n\n\n<div class=\"wp-block-buttons is-layout-flex wp-block-buttons-is-layout-flex\">\n<div class=\"wp-block-button aligncenter\"><a class=\"wp-block-button__link has-central-palette-4-color has-central-palette-5-background-color has-text-color has-background wp-element-button\" href=\"https:\/\/reservations.hotel-spider.com\/03264367a01abf25\" style=\"border-radius:3px\" target=\"_blank\" rel=\"noreferrer noopener\">V\u00e9rifier et r\u00e9server<\/a><\/div>\n<\/div>\n<\/div>\n<\/div><\/section>\n<\/div><\/section>\n\n\n\n<section class=\"wp-block-uagb-section uagb-section__wrap uagb-section__background-image uagb-block-bcabebc0 fix-scroll\"><div class=\"uagb-section__overlay\"><\/div><div class=\"uagb-section__inner-wrap\">\n<section class=\"wp-block-uagb-columns uagb-columns__wrap uagb-columns__background-none uagb-columns__stack-mobile uagb-columns__valign- uagb-columns__gap-10 align uagb-block-32320089 uagb-columns__columns-2 uagb-columns__max_width-theme\"><div class=\"uagb-columns__overlay\"><\/div><div class=\"uagb-columns__inner-wrap uagb-columns__columns-2\">\n<div class=\"wp-block-uagb-column uagb-column__wrap uagb-column__background-undefined uagb-block-67cc22ce\"><div class=\"uagb-column__overlay\"><\/div>\n<h2 class=\"wp-block-heading has-white-color has-text-color\" id=\"haufig-gestellte-fragen\">Foire aux questions<\/h2>\n\n\n\n<h3 class=\"wp-block-heading has-white-color has-text-color\" id=\"hotel-und-ferienwohnungen\">H\u00f4tel et appartements de vacances<\/h3>\n\n\n\n<p class=\"has-white-color has-text-color\">heure de check-in \/ check-out. Arriv\u00e9e avec des enfants, etc.<\/p>\n<\/div>\n\n\n\n<div class=\"wp-block-uagb-column uagb-column__wrap uagb-column__background-undefined uagb-block-69cd3c51\"><div class=\"uagb-column__overlay\"><\/div>\n<div style=\"height:60px\" aria-hidden=\"true\" class=\"wp-block-spacer\"><\/div>\n\n\n\n<div class=\"wp-block-buttons weiss is-horizontal is-content-justification-center is-layout-flex wp-container-core-buttons-is-layout-499968f5 wp-block-buttons-is-layout-flex\">\n<div class=\"wp-block-button\"><a class=\"wp-block-button__link has-central-palette-5-color has-central-palette-4-background-color has-text-color has-background wp-element-button\" href=\"https:\/\/www.dala.ch\/fr\/foire-aux-questions\/\" style=\"border-radius:3px\">Lire la FAQ<\/a><\/div>\n<\/div>\n<\/div>\n<\/div><\/section>\n<\/div><\/section>\n","protected":false},"excerpt":{"rendered":"","protected":false},"author":1,"featured_media":0,"parent":0,"menu_order":0,"comment_status":"closed","ping_status":"closed","template":"","meta":{"inline_featured_image":false,"_uag_custom_page_level_css":"","footnotes":""},"class_list":["post-794","page","type-page","status-publish","hentry"],"yoast_head":"<!-- This site is optimized with the Yoast SEO plugin v27.4 - https:\/\/yoast.com\/product\/yoast-seo-wordpress\/ -->\n<title>Riche buffet de petit-d\u00e9jeuner \u00e0 Lo\u00e8che-les-Bains | Hotel dala<\/title>\n<meta name=\"description\" content=\"Tous les jours, \u00e0 partir de 8h et jusqu&#039;\u00e0 10h, un d\u00e9licieux petit d\u00e9jeuner compos\u00e9 de produits de fournisseurs locaux est propos\u00e9.\" \/>\n<meta name=\"robots\" content=\"index, follow, max-snippet:-1, max-image-preview:large, max-video-preview:-1\" \/>\n<link rel=\"canonical\" href=\"https:\/\/www.dala.ch\/fr\/chambre-avec-petit-dejeuner-copieux-buffet-de-petit-dejeuner\/\" \/>\n<meta property=\"og:locale\" content=\"fr_FR\" \/>\n<meta property=\"og:type\" content=\"article\" \/>\n<meta property=\"og:title\" content=\"Riche buffet de petit-d\u00e9jeuner \u00e0 Lo\u00e8che-les-Bains | Hotel dala\" \/>\n<meta property=\"og:description\" content=\"Tous les jours, \u00e0 partir de 8h et jusqu&#039;\u00e0 10h, un d\u00e9licieux petit d\u00e9jeuner compos\u00e9 de produits de fournisseurs locaux est propos\u00e9.\" \/>\n<meta property=\"og:url\" content=\"https:\/\/www.dala.ch\/fr\/chambre-avec-petit-dejeuner-copieux-buffet-de-petit-dejeuner\/\" \/>\n<meta property=\"og:site_name\" content=\"Hotelzimmer Leukerbad \u2013 zentral und famili\u00e4r \u2013 Hotel dala\" \/>\n<meta property=\"article:modified_time\" content=\"2024-03-12T14:42:00+00:00\" \/>\n<meta property=\"og:image\" content=\"https:\/\/www.dala.ch\/wp-content\/uploads\/2022\/01\/Dala-hotel-6-1024x684.jpg\" \/>\n<meta name=\"twitter:card\" content=\"summary_large_image\" \/>\n<meta name=\"twitter:label1\" content=\"Dur\u00e9e de lecture estim\u00e9e\" \/>\n\t<meta name=\"twitter:data1\" content=\"3 minutes\" \/>\n<script type=\"application\/ld+json\" class=\"yoast-schema-graph\">{\"@context\":\"https:\\\/\\\/schema.org\",\"@graph\":[{\"@type\":\"WebPage\",\"@id\":\"https:\\\/\\\/www.dala.ch\\\/fr\\\/chambre-avec-petit-dejeuner-copieux-buffet-de-petit-dejeuner\\\/\",\"url\":\"https:\\\/\\\/www.dala.ch\\\/fr\\\/chambre-avec-petit-dejeuner-copieux-buffet-de-petit-dejeuner\\\/\",\"name\":\"Riche buffet de petit-d\u00e9jeuner \u00e0 Lo\u00e8che-les-Bains | Hotel dala\",\"isPartOf\":{\"@id\":\"https:\\\/\\\/www.dala.ch\\\/fr\\\/#website\"},\"primaryImageOfPage\":{\"@id\":\"https:\\\/\\\/www.dala.ch\\\/fr\\\/chambre-avec-petit-dejeuner-copieux-buffet-de-petit-dejeuner\\\/#primaryimage\"},\"image\":{\"@id\":\"https:\\\/\\\/www.dala.ch\\\/fr\\\/chambre-avec-petit-dejeuner-copieux-buffet-de-petit-dejeuner\\\/#primaryimage\"},\"thumbnailUrl\":\"https:\\\/\\\/www.dala.ch\\\/wp-content\\\/uploads\\\/2022\\\/01\\\/Dala-hotel-6-1024x684.jpg\",\"datePublished\":\"2022-01-13T13:42:39+00:00\",\"dateModified\":\"2024-03-12T14:42:00+00:00\",\"description\":\"Tous les jours, \u00e0 partir de 8h et jusqu'\u00e0 10h, un d\u00e9licieux petit d\u00e9jeuner compos\u00e9 de produits de fournisseurs locaux est propos\u00e9.\",\"breadcrumb\":{\"@id\":\"https:\\\/\\\/www.dala.ch\\\/fr\\\/chambre-avec-petit-dejeuner-copieux-buffet-de-petit-dejeuner\\\/#breadcrumb\"},\"inLanguage\":\"fr-FR\",\"potentialAction\":[{\"@type\":\"ReadAction\",\"target\":[\"https:\\\/\\\/www.dala.ch\\\/fr\\\/chambre-avec-petit-dejeuner-copieux-buffet-de-petit-dejeuner\\\/\"]}]},{\"@type\":\"ImageObject\",\"inLanguage\":\"fr-FR\",\"@id\":\"https:\\\/\\\/www.dala.ch\\\/fr\\\/chambre-avec-petit-dejeuner-copieux-buffet-de-petit-dejeuner\\\/#primaryimage\",\"url\":\"https:\\\/\\\/www.dala.ch\\\/wp-content\\\/uploads\\\/2022\\\/01\\\/Dala-hotel-6-1024x684.jpg\",\"contentUrl\":\"https:\\\/\\\/www.dala.ch\\\/wp-content\\\/uploads\\\/2022\\\/01\\\/Dala-hotel-6-1024x684.jpg\"},{\"@type\":\"BreadcrumbList\",\"@id\":\"https:\\\/\\\/www.dala.ch\\\/fr\\\/chambre-avec-petit-dejeuner-copieux-buffet-de-petit-dejeuner\\\/#breadcrumb\",\"itemListElement\":[{\"@type\":\"ListItem\",\"position\":1,\"name\":\"Startseite\",\"item\":\"https:\\\/\\\/www.dala.ch\\\/fr\\\/\"},{\"@type\":\"ListItem\",\"position\":2,\"name\":\"Chambre avec petit d\u00e9jeuner copieux &amp; buffet de petit d\u00e9jeuner\"}]},{\"@type\":\"WebSite\",\"@id\":\"https:\\\/\\\/www.dala.ch\\\/fr\\\/#website\",\"url\":\"https:\\\/\\\/www.dala.ch\\\/fr\\\/\",\"name\":\"Hotelzimmer Leukerbad \u2013 zentral und famili\u00e4r \u2013 Hotel dala\",\"description\":\"\",\"publisher\":{\"@id\":\"https:\\\/\\\/www.dala.ch\\\/fr\\\/#organization\"},\"potentialAction\":[{\"@type\":\"SearchAction\",\"target\":{\"@type\":\"EntryPoint\",\"urlTemplate\":\"https:\\\/\\\/www.dala.ch\\\/fr\\\/?s={search_term_string}\"},\"query-input\":{\"@type\":\"PropertyValueSpecification\",\"valueRequired\":true,\"valueName\":\"search_term_string\"}}],\"inLanguage\":\"fr-FR\"},{\"@type\":\"Organization\",\"@id\":\"https:\\\/\\\/www.dala.ch\\\/fr\\\/#organization\",\"name\":\"Preiswertes Hotel in Leukerbad nahe der Thermen | Hotel dala\",\"url\":\"https:\\\/\\\/www.dala.ch\\\/fr\\\/\",\"logo\":{\"@type\":\"ImageObject\",\"inLanguage\":\"fr-FR\",\"@id\":\"https:\\\/\\\/www.dala.ch\\\/fr\\\/#\\\/schema\\\/logo\\\/image\\\/\",\"url\":\"https:\\\/\\\/www.dala.ch\\\/wp-content\\\/uploads\\\/2022\\\/04\\\/Dala-hotel-110.jpg\",\"contentUrl\":\"https:\\\/\\\/www.dala.ch\\\/wp-content\\\/uploads\\\/2022\\\/04\\\/Dala-hotel-110.jpg\",\"width\":2301,\"height\":1536,\"caption\":\"Preiswertes Hotel in Leukerbad nahe der Thermen | Hotel dala\"},\"image\":{\"@id\":\"https:\\\/\\\/www.dala.ch\\\/fr\\\/#\\\/schema\\\/logo\\\/image\\\/\"}}]}<\/script>\n<!-- \/ Yoast SEO plugin. -->","yoast_head_json":{"title":"Riche buffet de petit-d\u00e9jeuner \u00e0 Lo\u00e8che-les-Bains | Hotel dala","description":"Tous les jours, \u00e0 partir de 8h et jusqu'\u00e0 10h, un d\u00e9licieux petit d\u00e9jeuner compos\u00e9 de produits de fournisseurs locaux est propos\u00e9.","robots":{"index":"index","follow":"follow","max-snippet":"max-snippet:-1","max-image-preview":"max-image-preview:large","max-video-preview":"max-video-preview:-1"},"canonical":"https:\/\/www.dala.ch\/fr\/chambre-avec-petit-dejeuner-copieux-buffet-de-petit-dejeuner\/","og_locale":"fr_FR","og_type":"article","og_title":"Riche buffet de petit-d\u00e9jeuner \u00e0 Lo\u00e8che-les-Bains | Hotel dala","og_description":"Tous les jours, \u00e0 partir de 8h et jusqu'\u00e0 10h, un d\u00e9licieux petit d\u00e9jeuner compos\u00e9 de produits de fournisseurs locaux est propos\u00e9.","og_url":"https:\/\/www.dala.ch\/fr\/chambre-avec-petit-dejeuner-copieux-buffet-de-petit-dejeuner\/","og_site_name":"Hotelzimmer Leukerbad \u2013 zentral und famili\u00e4r \u2013 Hotel dala","article_modified_time":"2024-03-12T14:42:00+00:00","og_image":[{"url":"https:\/\/www.dala.ch\/wp-content\/uploads\/2022\/01\/Dala-hotel-6-1024x684.jpg","type":"","width":"","height":""}],"twitter_card":"summary_large_image","twitter_misc":{"Dur\u00e9e de lecture estim\u00e9e":"3 minutes"},"schema":{"@context":"https:\/\/schema.org","@graph":[{"@type":"WebPage","@id":"https:\/\/www.dala.ch\/fr\/chambre-avec-petit-dejeuner-copieux-buffet-de-petit-dejeuner\/","url":"https:\/\/www.dala.ch\/fr\/chambre-avec-petit-dejeuner-copieux-buffet-de-petit-dejeuner\/","name":"Riche buffet de petit-d\u00e9jeuner \u00e0 Lo\u00e8che-les-Bains | Hotel dala","isPartOf":{"@id":"https:\/\/www.dala.ch\/fr\/#website"},"primaryImageOfPage":{"@id":"https:\/\/www.dala.ch\/fr\/chambre-avec-petit-dejeuner-copieux-buffet-de-petit-dejeuner\/#primaryimage"},"image":{"@id":"https:\/\/www.dala.ch\/fr\/chambre-avec-petit-dejeuner-copieux-buffet-de-petit-dejeuner\/#primaryimage"},"thumbnailUrl":"https:\/\/www.dala.ch\/wp-content\/uploads\/2022\/01\/Dala-hotel-6-1024x684.jpg","datePublished":"2022-01-13T13:42:39+00:00","dateModified":"2024-03-12T14:42:00+00:00","description":"Tous les jours, \u00e0 partir de 8h et jusqu'\u00e0 10h, un d\u00e9licieux petit d\u00e9jeuner compos\u00e9 de produits de fournisseurs locaux est propos\u00e9.","breadcrumb":{"@id":"https:\/\/www.dala.ch\/fr\/chambre-avec-petit-dejeuner-copieux-buffet-de-petit-dejeuner\/#breadcrumb"},"inLanguage":"fr-FR","potentialAction":[{"@type":"ReadAction","target":["https:\/\/www.dala.ch\/fr\/chambre-avec-petit-dejeuner-copieux-buffet-de-petit-dejeuner\/"]}]},{"@type":"ImageObject","inLanguage":"fr-FR","@id":"https:\/\/www.dala.ch\/fr\/chambre-avec-petit-dejeuner-copieux-buffet-de-petit-dejeuner\/#primaryimage","url":"https:\/\/www.dala.ch\/wp-content\/uploads\/2022\/01\/Dala-hotel-6-1024x684.jpg","contentUrl":"https:\/\/www.dala.ch\/wp-content\/uploads\/2022\/01\/Dala-hotel-6-1024x684.jpg"},{"@type":"BreadcrumbList","@id":"https:\/\/www.dala.ch\/fr\/chambre-avec-petit-dejeuner-copieux-buffet-de-petit-dejeuner\/#breadcrumb","itemListElement":[{"@type":"ListItem","position":1,"name":"Startseite","item":"https:\/\/www.dala.ch\/fr\/"},{"@type":"ListItem","position":2,"name":"Chambre avec petit d\u00e9jeuner copieux &amp; buffet de petit d\u00e9jeuner"}]},{"@type":"WebSite","@id":"https:\/\/www.dala.ch\/fr\/#website","url":"https:\/\/www.dala.ch\/fr\/","name":"Hotelzimmer Leukerbad \u2013 zentral und famili\u00e4r \u2013 Hotel dala","description":"","publisher":{"@id":"https:\/\/www.dala.ch\/fr\/#organization"},"potentialAction":[{"@type":"SearchAction","target":{"@type":"EntryPoint","urlTemplate":"https:\/\/www.dala.ch\/fr\/?s={search_term_string}"},"query-input":{"@type":"PropertyValueSpecification","valueRequired":true,"valueName":"search_term_string"}}],"inLanguage":"fr-FR"},{"@type":"Organization","@id":"https:\/\/www.dala.ch\/fr\/#organization","name":"Preiswertes Hotel in Leukerbad nahe der Thermen | Hotel dala","url":"https:\/\/www.dala.ch\/fr\/","logo":{"@type":"ImageObject","inLanguage":"fr-FR","@id":"https:\/\/www.dala.ch\/fr\/#\/schema\/logo\/image\/","url":"https:\/\/www.dala.ch\/wp-content\/uploads\/2022\/04\/Dala-hotel-110.jpg","contentUrl":"https:\/\/www.dala.ch\/wp-content\/uploads\/2022\/04\/Dala-hotel-110.jpg","width":2301,"height":1536,"caption":"Preiswertes Hotel in Leukerbad nahe der Thermen | Hotel dala"},"image":{"@id":"https:\/\/www.dala.ch\/fr\/#\/schema\/logo\/image\/"}}]}},"uagb_featured_image_src":{"full":false,"thumbnail":false,"medium":false,"medium_large":false,"large":false,"1536x1536":false,"2048x2048":false},"uagb_author_info":{"display_name":"admin","author_link":"https:\/\/www.dala.ch\/fr\/author\/adhowasgra\/"},"uagb_comment_info":0,"uagb_excerpt":null,"_links":{"self":[{"href":"https:\/\/www.dala.ch\/fr\/wp-json\/wp\/v2\/pages\/794","targetHints":{"allow":["GET"]}}],"collection":[{"href":"https:\/\/www.dala.ch\/fr\/wp-json\/wp\/v2\/pages"}],"about":[{"href":"https:\/\/www.dala.ch\/fr\/wp-json\/wp\/v2\/types\/page"}],"author":[{"embeddable":true,"href":"https:\/\/www.dala.ch\/fr\/wp-json\/wp\/v2\/users\/1"}],"replies":[{"embeddable":true,"href":"https:\/\/www.dala.ch\/fr\/wp-json\/wp\/v2\/comments?post=794"}],"version-history":[{"count":11,"href":"https:\/\/www.dala.ch\/fr\/wp-json\/wp\/v2\/pages\/794\/revisions"}],"predecessor-version":[{"id":1997,"href":"https:\/\/www.dala.ch\/fr\/wp-json\/wp\/v2\/pages\/794\/revisions\/1997"}],"wp:attachment":[{"href":"https:\/\/www.dala.ch\/fr\/wp-json\/wp\/v2\/media?parent=794"}],"curies":[{"name":"wp","href":"https:\/\/api.w.org\/{rel}","templated":true}]}}