{"id":813,"date":"2022-01-13T14:38:03","date_gmt":"2022-01-13T14:38:03","guid":{"rendered":"https:\/\/wp.dala.ch\/les-hotes\/"},"modified":"2025-06-17T16:53:32","modified_gmt":"2025-06-17T16:53:32","slug":"les-hotes","status":"publish","type":"page","link":"https:\/\/www.dala.ch\/fr\/les-hotes\/","title":{"rendered":"Les h\u00f4tes"},"content":{"rendered":"\n<section class=\"wp-block-uagb-section uagb-section__wrap uagb-section__background-color uagb-block-d1034e01\"><div class=\"uagb-section__overlay\"><\/div><div class=\"uagb-section__inner-wrap\">\n<h1 class=\"wp-block-heading\" id=\"ihre-gastgeber-manuela-bakker-loretan-klara-und-martin-loretan-grichting-und-ihr-team-freuen-sich-auf-ihren-besuch\"><meta charset=\"utf-8\">Vos h\u00f4tes personnels depuis 1967 en 2\u00e8me g\u00e9n\u00e9ration<\/h1>\n\n\n\n<figure class=\"wp-block-gallery has-nested-images columns-default is-cropped wp-block-gallery-1 is-layout-flex wp-block-gallery-is-layout-flex\">\n<figure class=\"wp-block-image size-large\"><a href=\"https:\/\/www.dala.ch\/wp-content\/uploads\/2022\/01\/Dala-hotel-67.jpg\"><img loading=\"lazy\" decoding=\"async\" width=\"1024\" height=\"684\" data-id=\"738\" src=\"https:\/\/www.dala.ch\/wp-content\/uploads\/2022\/01\/Dala-hotel-67-1024x684.jpg\" alt=\"Manuela Bakker-Loretan\" class=\"wp-image-738\" srcset=\"https:\/\/www.dala.ch\/wp-content\/uploads\/2022\/01\/Dala-hotel-67-1024x684.jpg 1024w, https:\/\/www.dala.ch\/wp-content\/uploads\/2022\/01\/Dala-hotel-67-300x200.jpg 300w, https:\/\/www.dala.ch\/wp-content\/uploads\/2022\/01\/Dala-hotel-67-768x513.jpg 768w, https:\/\/www.dala.ch\/wp-content\/uploads\/2022\/01\/Dala-hotel-67-1536x1025.jpg 1536w, https:\/\/www.dala.ch\/wp-content\/uploads\/2022\/01\/Dala-hotel-67-2048x1367.jpg 2048w, https:\/\/www.dala.ch\/wp-content\/uploads\/2022\/01\/Dala-hotel-67.jpg 2301w\" sizes=\"auto, (max-width: 1024px) 100vw, 1024px\" \/><\/a><\/figure>\n\n\n\n<figure class=\"wp-block-image size-large\"><a href=\"https:\/\/www.dala.ch\/wp-content\/uploads\/2022\/01\/Dala-hotel-59.jpg\"><img loading=\"lazy\" decoding=\"async\" width=\"1024\" height=\"684\" data-id=\"742\" src=\"https:\/\/www.dala.ch\/wp-content\/uploads\/2022\/01\/Dala-hotel-59-1024x684.jpg\" alt=\"Trois g\u00e9n\u00e9rations \u00e0 l'h\u00f4tel\" class=\"wp-image-742\" srcset=\"https:\/\/www.dala.ch\/wp-content\/uploads\/2022\/01\/Dala-hotel-59-1024x684.jpg 1024w, https:\/\/www.dala.ch\/wp-content\/uploads\/2022\/01\/Dala-hotel-59-300x200.jpg 300w, https:\/\/www.dala.ch\/wp-content\/uploads\/2022\/01\/Dala-hotel-59-768x513.jpg 768w, https:\/\/www.dala.ch\/wp-content\/uploads\/2022\/01\/Dala-hotel-59-1536x1025.jpg 1536w, https:\/\/www.dala.ch\/wp-content\/uploads\/2022\/01\/Dala-hotel-59-2048x1367.jpg 2048w, https:\/\/www.dala.ch\/wp-content\/uploads\/2022\/01\/Dala-hotel-59.jpg 2301w\" sizes=\"auto, (max-width: 1024px) 100vw, 1024px\" \/><\/a><\/figure>\n<\/figure>\n\n\n\n<p><\/p>\n\n\n\n<p><\/p>\n\n\n\n<p><\/p>\n\n\n\n<h3 class=\"wp-block-heading\">Bienvenue \u00e0 l\u2019Aparthotel dala \u2013 votre havre de paix au c\u0153ur de Leukerbad<\/h3>\n\n\n\n<p>L\u2019<strong>h\u00f4tel dala<\/strong>, g\u00e9r\u00e9 en famille, fait partie de la PPE Maison<strong> Dala<\/strong> et poss\u00e8de une longue tradition : Klara et Martin Loretan-Grichting ont acquis plus de 60 % de l\u2019immeuble en 1967, investissant avec passion dans des <strong>appartements, chambres d\u2019h\u00f4tel<\/strong> et la <strong>gastronomie<\/strong>. Depuis 2019, leur fille a\u00een\u00e9e, <strong>Manuela Bakker-Loretan<\/strong>, dirige cet \u00e9tablissement charmant, d\u00e9sormais <strong>h\u00f4tel Garni avec petit-d\u00e9jeuner<\/strong>.<\/p>\n\n\n\n<p>Aujourd\u2019hui, vous trouverez environ <strong>50 lits<\/strong> r\u00e9partis dans des <strong>chambres doubles, studios spacieux, appartements familiaux<\/strong> ainsi qu\u2019une suite boutique avec baignoire.<\/p>\n\n\n\n<h3 class=\"wp-block-heading\">D\u00e9tente et bien-\u00eatre inclus<\/h3>\n\n\n\n<p>Notre zone de relaxation moderne comprend :<\/p>\n\n\n\n<ul class=\"wp-block-list\">\n<li><strong>Sauna<\/strong> et <strong>cabine vapeur<\/strong><\/li>\n\n\n\n<li><strong>V\u00e9lo, stepper et Bodyplate<\/strong><\/li>\n\n\n\n<li><strong>Table de massage \u00e9lectrique selon EKS-Vital<\/strong><\/li>\n<\/ul>\n\n\n\n<p>Ces \u00e9quipements sont <strong>offerts gratuitement aux clients s\u00e9journant 2 nuits ou plus<\/strong> (suppl\u00e9ment pour un s\u00e9jour d\u2019une nuit).<\/p>\n\n\n\n<h3 class=\"wp-block-heading\">\u00c9quipements pratiques pour les amateurs d\u2019activit\u00e9s<\/h3>\n\n\n\n<p>L\u2019h\u00f4tel propose \u00e9galement un local s\u00e9curis\u00e9 pour <strong>v\u00e9los et skis<\/strong>, afin de garder votre mat\u00e9riel \u00e0 l\u2019abri.<\/p>\n\n\n\n<h3 class=\"wp-block-heading\">Emplacement central au c\u0153ur de Leukerbad<\/h3>\n\n\n\n<p>Notre aparthotel est id\u00e9alement situ\u00e9, \u00e0 seulement <strong>2-3 minutes \u00e0 pied des thermes<\/strong> et <strong>10 minutes des remont\u00e9es m\u00e9caniques Gemmi et Torrent<\/strong>. Un point de d\u00e9part parfait pour profiter pleinement de Leukerbad en toute saison.<\/p>\n\n\n\n<h3 class=\"wp-block-heading\">Information importante concernant les animaux<\/h3>\n\n\n\n<p>Nous vous informons que les <strong>animaux de compagnie ne sont pas admis<\/strong> \u00e0 l\u2019aparthotel dala.<\/p>\n\n\n\n<hr class=\"wp-block-separator has-alpha-channel-opacity\"\/>\n\n\n\n<p><strong>Votre famille h\u00f4tesse<\/strong> \u2013 Manuela Bakker-Loretan avec son \u00e9quipe, S\u00e4mi notre concierge \u00e0 plumes, ainsi que Klara et Martin Loretan-Grichting \u2013 se r\u00e9jouissent de vous accueillir prochainement.<\/p>\n<\/div><\/section>\n\n\n\n<section class=\"wp-block-uagb-section uagb-section__wrap uagb-section__background-color uagb-block-f1316172\"><div class=\"uagb-section__overlay\"><\/div><div class=\"uagb-section__inner-wrap\">\n<section class=\"wp-block-uagb-columns uagb-columns__wrap uagb-columns__background-none uagb-columns__stack-mobile uagb-columns__valign- uagb-columns__gap-10 align uagb-block-b8590cf9 uagb-columns__columns-2 uagb-columns__max_width-theme\"><div class=\"uagb-columns__overlay\"><\/div><div class=\"uagb-columns__inner-wrap uagb-columns__columns-2\">\n<div class=\"wp-block-uagb-column uagb-column__wrap uagb-column__background-undefined uagb-block-11eef911\"><div class=\"uagb-column__overlay\"><\/div>\n<h2 class=\"wp-block-heading\" id=\"haufig-gestellte-fragen\">R\u00e9server avec avantage<\/h2>\n\n\n\n<p>en seulement 3 minutes et seulement ici avec 10% de r\u00e9duction \u00e0 l'h\u00f4tel dala \u00e0 Leukerbad<\/p>\n<\/div>\n\n\n\n<div class=\"wp-block-uagb-column uagb-column__wrap uagb-column__background-undefined uagb-block-b6ba6fef\"><div class=\"uagb-column__overlay\"><\/div>\n<div style=\"height:50px\" aria-hidden=\"true\" class=\"wp-block-spacer\"><\/div>\n\n\n\n<div class=\"wp-block-buttons is-layout-flex wp-block-buttons-is-layout-flex\">\n<div class=\"wp-block-button aligncenter\"><a class=\"wp-block-button__link has-central-palette-4-color has-central-palette-5-background-color has-text-color has-background wp-element-button\" href=\"https:\/\/reservations.hotel-spider.com\/03264367a01abf25\" style=\"border-radius:3px\" target=\"_blank\" rel=\"noreferrer noopener\">V\u00e9rifier et r\u00e9server<\/a><\/div>\n<\/div>\n<\/div>\n<\/div><\/section>\n<\/div><\/section>\n\n\n\n<section class=\"wp-block-uagb-section uagb-section__wrap uagb-section__background-image uagb-block-8bdc3ab3 fix-scroll\"><div class=\"uagb-section__overlay\"><\/div><div class=\"uagb-section__inner-wrap\">\n<section class=\"wp-block-uagb-columns uagb-columns__wrap uagb-columns__background-none uagb-columns__stack-mobile uagb-columns__valign- uagb-columns__gap-10 align uagb-block-1c3ba206 uagb-columns__columns-2 uagb-columns__max_width-theme\"><div class=\"uagb-columns__overlay\"><\/div><div class=\"uagb-columns__inner-wrap uagb-columns__columns-2\">\n<div class=\"wp-block-uagb-column uagb-column__wrap uagb-column__background-undefined uagb-block-63604f64\"><div class=\"uagb-column__overlay\"><\/div>\n<h2 class=\"wp-block-heading has-white-color has-text-color\" id=\"haufig-gestellte-fragen\">Foire aux questions<\/h2>\n\n\n\n<h3 class=\"wp-block-heading has-white-color has-text-color\" id=\"hotel-und-ferienwohnungen\">H\u00f4tel et appartements de vacances<\/h3>\n\n\n\n<p class=\"has-white-color has-text-color\">heure de check-in \/ check-out. Arriv\u00e9e avec des enfants, etc.<\/p>\n<\/div>\n\n\n\n<div class=\"wp-block-uagb-column uagb-column__wrap uagb-column__background-undefined uagb-block-68f061c5\"><div class=\"uagb-column__overlay\"><\/div>\n<div style=\"height:60px\" aria-hidden=\"true\" class=\"wp-block-spacer\"><\/div>\n\n\n\n<div class=\"wp-block-buttons is-horizontal is-content-justification-center is-layout-flex wp-container-core-buttons-is-layout-499968f5 wp-block-buttons-is-layout-flex\">\n<div class=\"wp-block-button\"><a class=\"wp-block-button__link has-white-color has-text-color has-background wp-element-button\" href=\"https:\/\/www.dala.ch\/fr\/foire-aux-questions\/\" style=\"border-radius:3px;background-color:#e94f1d\">Lire la FAQ<\/a><\/div>\n<\/div>\n<\/div>\n<\/div><\/section>\n<\/div><\/section>\n","protected":false},"excerpt":{"rendered":"","protected":false},"author":1,"featured_media":0,"parent":0,"menu_order":0,"comment_status":"closed","ping_status":"closed","template":"","meta":{"inline_featured_image":false,"_uag_custom_page_level_css":"","footnotes":""},"class_list":["post-813","page","type-page","status-publish","hentry"],"yoast_head":"<!-- This site is optimized with the Yoast SEO plugin v27.4 - https:\/\/yoast.com\/product\/yoast-seo-wordpress\/ -->\n<title>Tradition familiale depuis 1967 | Vos h\u00f4tes \u00e0 l\u2019H\u00f4tel dala Lo\u00e8che-les-Bains<\/title>\n<meta name=\"description\" content=\"H\u00f4tel de charme \u00e0 Lo\u00e8che-les-Bains, tenu par la famille Loretan depuis 1967. Une tradition d\u2019accueil perp\u00e9tu\u00e9e par Manuela Bakker-Loretan.\" \/>\n<meta name=\"robots\" content=\"index, follow, max-snippet:-1, max-image-preview:large, max-video-preview:-1\" \/>\n<link rel=\"canonical\" href=\"https:\/\/www.dala.ch\/fr\/les-hotes\/\" \/>\n<meta property=\"og:locale\" content=\"fr_FR\" \/>\n<meta property=\"og:type\" content=\"article\" \/>\n<meta property=\"og:title\" content=\"Tradition familiale depuis 1967 | Vos h\u00f4tes \u00e0 l\u2019H\u00f4tel dala Lo\u00e8che-les-Bains\" \/>\n<meta property=\"og:description\" content=\"H\u00f4tel de charme \u00e0 Lo\u00e8che-les-Bains, tenu par la famille Loretan depuis 1967. Une tradition d\u2019accueil perp\u00e9tu\u00e9e par Manuela Bakker-Loretan.\" \/>\n<meta property=\"og:url\" content=\"https:\/\/www.dala.ch\/fr\/les-hotes\/\" \/>\n<meta property=\"og:site_name\" content=\"Hotelzimmer Leukerbad \u2013 zentral und famili\u00e4r \u2013 Hotel dala\" \/>\n<meta property=\"article:modified_time\" content=\"2025-06-17T16:53:32+00:00\" \/>\n<meta property=\"og:image\" content=\"https:\/\/www.dala.ch\/wp-content\/uploads\/2022\/01\/Dala-hotel-67.jpg\" \/>\n\t<meta property=\"og:image:width\" content=\"2301\" \/>\n\t<meta property=\"og:image:height\" content=\"1536\" \/>\n\t<meta property=\"og:image:type\" content=\"image\/jpeg\" \/>\n<meta name=\"twitter:card\" content=\"summary_large_image\" \/>\n<meta name=\"twitter:label1\" content=\"Dur\u00e9e de lecture estim\u00e9e\" \/>\n\t<meta name=\"twitter:data1\" content=\"2 minutes\" \/>\n<script type=\"application\/ld+json\" class=\"yoast-schema-graph\">{\"@context\":\"https:\\\/\\\/schema.org\",\"@graph\":[{\"@type\":\"WebPage\",\"@id\":\"https:\\\/\\\/www.dala.ch\\\/fr\\\/les-hotes\\\/\",\"url\":\"https:\\\/\\\/www.dala.ch\\\/fr\\\/les-hotes\\\/\",\"name\":\"Tradition familiale depuis 1967 | Vos h\u00f4tes \u00e0 l\u2019H\u00f4tel dala Lo\u00e8che-les-Bains\",\"isPartOf\":{\"@id\":\"https:\\\/\\\/www.dala.ch\\\/fr\\\/#website\"},\"primaryImageOfPage\":{\"@id\":\"https:\\\/\\\/www.dala.ch\\\/fr\\\/les-hotes\\\/#primaryimage\"},\"image\":{\"@id\":\"https:\\\/\\\/www.dala.ch\\\/fr\\\/les-hotes\\\/#primaryimage\"},\"thumbnailUrl\":\"https:\\\/\\\/www.dala.ch\\\/wp-content\\\/uploads\\\/2022\\\/01\\\/Dala-hotel-67-1024x684.jpg\",\"datePublished\":\"2022-01-13T14:38:03+00:00\",\"dateModified\":\"2025-06-17T16:53:32+00:00\",\"description\":\"H\u00f4tel de charme \u00e0 Lo\u00e8che-les-Bains, tenu par la famille Loretan depuis 1967. Une tradition d\u2019accueil perp\u00e9tu\u00e9e par Manuela Bakker-Loretan.\",\"breadcrumb\":{\"@id\":\"https:\\\/\\\/www.dala.ch\\\/fr\\\/les-hotes\\\/#breadcrumb\"},\"inLanguage\":\"fr-FR\",\"potentialAction\":[{\"@type\":\"ReadAction\",\"target\":[\"https:\\\/\\\/www.dala.ch\\\/fr\\\/les-hotes\\\/\"]}]},{\"@type\":\"ImageObject\",\"inLanguage\":\"fr-FR\",\"@id\":\"https:\\\/\\\/www.dala.ch\\\/fr\\\/les-hotes\\\/#primaryimage\",\"url\":\"https:\\\/\\\/www.dala.ch\\\/wp-content\\\/uploads\\\/2022\\\/01\\\/Dala-hotel-67-1024x684.jpg\",\"contentUrl\":\"https:\\\/\\\/www.dala.ch\\\/wp-content\\\/uploads\\\/2022\\\/01\\\/Dala-hotel-67-1024x684.jpg\"},{\"@type\":\"BreadcrumbList\",\"@id\":\"https:\\\/\\\/www.dala.ch\\\/fr\\\/les-hotes\\\/#breadcrumb\",\"itemListElement\":[{\"@type\":\"ListItem\",\"position\":1,\"name\":\"Startseite\",\"item\":\"https:\\\/\\\/www.dala.ch\\\/fr\\\/\"},{\"@type\":\"ListItem\",\"position\":2,\"name\":\"Les h\u00f4tes\"}]},{\"@type\":\"WebSite\",\"@id\":\"https:\\\/\\\/www.dala.ch\\\/fr\\\/#website\",\"url\":\"https:\\\/\\\/www.dala.ch\\\/fr\\\/\",\"name\":\"Hotelzimmer Leukerbad \u2013 zentral und famili\u00e4r \u2013 Hotel dala\",\"description\":\"\",\"publisher\":{\"@id\":\"https:\\\/\\\/www.dala.ch\\\/fr\\\/#organization\"},\"potentialAction\":[{\"@type\":\"SearchAction\",\"target\":{\"@type\":\"EntryPoint\",\"urlTemplate\":\"https:\\\/\\\/www.dala.ch\\\/fr\\\/?s={search_term_string}\"},\"query-input\":{\"@type\":\"PropertyValueSpecification\",\"valueRequired\":true,\"valueName\":\"search_term_string\"}}],\"inLanguage\":\"fr-FR\"},{\"@type\":\"Organization\",\"@id\":\"https:\\\/\\\/www.dala.ch\\\/fr\\\/#organization\",\"name\":\"Preiswertes Hotel in Leukerbad nahe der Thermen | Hotel dala\",\"url\":\"https:\\\/\\\/www.dala.ch\\\/fr\\\/\",\"logo\":{\"@type\":\"ImageObject\",\"inLanguage\":\"fr-FR\",\"@id\":\"https:\\\/\\\/www.dala.ch\\\/fr\\\/#\\\/schema\\\/logo\\\/image\\\/\",\"url\":\"https:\\\/\\\/www.dala.ch\\\/wp-content\\\/uploads\\\/2022\\\/04\\\/Dala-hotel-110.jpg\",\"contentUrl\":\"https:\\\/\\\/www.dala.ch\\\/wp-content\\\/uploads\\\/2022\\\/04\\\/Dala-hotel-110.jpg\",\"width\":2301,\"height\":1536,\"caption\":\"Preiswertes Hotel in Leukerbad nahe der Thermen | Hotel dala\"},\"image\":{\"@id\":\"https:\\\/\\\/www.dala.ch\\\/fr\\\/#\\\/schema\\\/logo\\\/image\\\/\"}}]}<\/script>\n<!-- \/ Yoast SEO plugin. -->","yoast_head_json":{"title":"Tradition familiale depuis 1967 | Vos h\u00f4tes \u00e0 l\u2019H\u00f4tel dala Lo\u00e8che-les-Bains","description":"H\u00f4tel de charme \u00e0 Lo\u00e8che-les-Bains, tenu par la famille Loretan depuis 1967. Une tradition d\u2019accueil perp\u00e9tu\u00e9e par Manuela Bakker-Loretan.","robots":{"index":"index","follow":"follow","max-snippet":"max-snippet:-1","max-image-preview":"max-image-preview:large","max-video-preview":"max-video-preview:-1"},"canonical":"https:\/\/www.dala.ch\/fr\/les-hotes\/","og_locale":"fr_FR","og_type":"article","og_title":"Tradition familiale depuis 1967 | Vos h\u00f4tes \u00e0 l\u2019H\u00f4tel dala Lo\u00e8che-les-Bains","og_description":"H\u00f4tel de charme \u00e0 Lo\u00e8che-les-Bains, tenu par la famille Loretan depuis 1967. Une tradition d\u2019accueil perp\u00e9tu\u00e9e par Manuela Bakker-Loretan.","og_url":"https:\/\/www.dala.ch\/fr\/les-hotes\/","og_site_name":"Hotelzimmer Leukerbad \u2013 zentral und famili\u00e4r \u2013 Hotel dala","article_modified_time":"2025-06-17T16:53:32+00:00","og_image":[{"width":2301,"height":1536,"url":"https:\/\/www.dala.ch\/wp-content\/uploads\/2022\/01\/Dala-hotel-67.jpg","type":"image\/jpeg"}],"twitter_card":"summary_large_image","twitter_misc":{"Dur\u00e9e de lecture estim\u00e9e":"2 minutes"},"schema":{"@context":"https:\/\/schema.org","@graph":[{"@type":"WebPage","@id":"https:\/\/www.dala.ch\/fr\/les-hotes\/","url":"https:\/\/www.dala.ch\/fr\/les-hotes\/","name":"Tradition familiale depuis 1967 | Vos h\u00f4tes \u00e0 l\u2019H\u00f4tel dala Lo\u00e8che-les-Bains","isPartOf":{"@id":"https:\/\/www.dala.ch\/fr\/#website"},"primaryImageOfPage":{"@id":"https:\/\/www.dala.ch\/fr\/les-hotes\/#primaryimage"},"image":{"@id":"https:\/\/www.dala.ch\/fr\/les-hotes\/#primaryimage"},"thumbnailUrl":"https:\/\/www.dala.ch\/wp-content\/uploads\/2022\/01\/Dala-hotel-67-1024x684.jpg","datePublished":"2022-01-13T14:38:03+00:00","dateModified":"2025-06-17T16:53:32+00:00","description":"H\u00f4tel de charme \u00e0 Lo\u00e8che-les-Bains, tenu par la famille Loretan depuis 1967. Une tradition d\u2019accueil perp\u00e9tu\u00e9e par Manuela Bakker-Loretan.","breadcrumb":{"@id":"https:\/\/www.dala.ch\/fr\/les-hotes\/#breadcrumb"},"inLanguage":"fr-FR","potentialAction":[{"@type":"ReadAction","target":["https:\/\/www.dala.ch\/fr\/les-hotes\/"]}]},{"@type":"ImageObject","inLanguage":"fr-FR","@id":"https:\/\/www.dala.ch\/fr\/les-hotes\/#primaryimage","url":"https:\/\/www.dala.ch\/wp-content\/uploads\/2022\/01\/Dala-hotel-67-1024x684.jpg","contentUrl":"https:\/\/www.dala.ch\/wp-content\/uploads\/2022\/01\/Dala-hotel-67-1024x684.jpg"},{"@type":"BreadcrumbList","@id":"https:\/\/www.dala.ch\/fr\/les-hotes\/#breadcrumb","itemListElement":[{"@type":"ListItem","position":1,"name":"Startseite","item":"https:\/\/www.dala.ch\/fr\/"},{"@type":"ListItem","position":2,"name":"Les h\u00f4tes"}]},{"@type":"WebSite","@id":"https:\/\/www.dala.ch\/fr\/#website","url":"https:\/\/www.dala.ch\/fr\/","name":"Hotelzimmer Leukerbad \u2013 zentral und famili\u00e4r \u2013 Hotel dala","description":"","publisher":{"@id":"https:\/\/www.dala.ch\/fr\/#organization"},"potentialAction":[{"@type":"SearchAction","target":{"@type":"EntryPoint","urlTemplate":"https:\/\/www.dala.ch\/fr\/?s={search_term_string}"},"query-input":{"@type":"PropertyValueSpecification","valueRequired":true,"valueName":"search_term_string"}}],"inLanguage":"fr-FR"},{"@type":"Organization","@id":"https:\/\/www.dala.ch\/fr\/#organization","name":"Preiswertes Hotel in Leukerbad nahe der Thermen | Hotel dala","url":"https:\/\/www.dala.ch\/fr\/","logo":{"@type":"ImageObject","inLanguage":"fr-FR","@id":"https:\/\/www.dala.ch\/fr\/#\/schema\/logo\/image\/","url":"https:\/\/www.dala.ch\/wp-content\/uploads\/2022\/04\/Dala-hotel-110.jpg","contentUrl":"https:\/\/www.dala.ch\/wp-content\/uploads\/2022\/04\/Dala-hotel-110.jpg","width":2301,"height":1536,"caption":"Preiswertes Hotel in Leukerbad nahe der Thermen | Hotel dala"},"image":{"@id":"https:\/\/www.dala.ch\/fr\/#\/schema\/logo\/image\/"}}]}},"uagb_featured_image_src":{"full":false,"thumbnail":false,"medium":false,"medium_large":false,"large":false,"1536x1536":false,"2048x2048":false},"uagb_author_info":{"display_name":"admin","author_link":"https:\/\/www.dala.ch\/fr\/author\/adhowasgra\/"},"uagb_comment_info":0,"uagb_excerpt":null,"_links":{"self":[{"href":"https:\/\/www.dala.ch\/fr\/wp-json\/wp\/v2\/pages\/813","targetHints":{"allow":["GET"]}}],"collection":[{"href":"https:\/\/www.dala.ch\/fr\/wp-json\/wp\/v2\/pages"}],"about":[{"href":"https:\/\/www.dala.ch\/fr\/wp-json\/wp\/v2\/types\/page"}],"author":[{"embeddable":true,"href":"https:\/\/www.dala.ch\/fr\/wp-json\/wp\/v2\/users\/1"}],"replies":[{"embeddable":true,"href":"https:\/\/www.dala.ch\/fr\/wp-json\/wp\/v2\/comments?post=813"}],"version-history":[{"count":11,"href":"https:\/\/www.dala.ch\/fr\/wp-json\/wp\/v2\/pages\/813\/revisions"}],"predecessor-version":[{"id":2354,"href":"https:\/\/www.dala.ch\/fr\/wp-json\/wp\/v2\/pages\/813\/revisions\/2354"}],"wp:attachment":[{"href":"https:\/\/www.dala.ch\/fr\/wp-json\/wp\/v2\/media?parent=813"}],"curies":[{"name":"wp","href":"https:\/\/api.w.org\/{rel}","templated":true}]}}