{"id":821,"date":"2022-01-13T15:32:45","date_gmt":"2022-01-13T15:32:45","guid":{"rendered":"https:\/\/wp.dala.ch\/actualites-hotel-loeche-les-bains\/"},"modified":"2024-11-20T17:01:54","modified_gmt":"2024-11-20T17:01:54","slug":"actualites-hotel-loeche-les-bains","status":"publish","type":"page","link":"https:\/\/www.dala.ch\/fr\/actualites-hotel-loeche-les-bains\/","title":{"rendered":"Actualit\u00e9s H\u00f4tel \/ Lo\u00e8che-les-Bains"},"content":{"rendered":"\n<section class=\"wp-block-uagb-section uagb-section__wrap uagb-section__background-color uagb-block-824f13fd\"><div class=\"uagb-section__overlay\"><\/div><div class=\"uagb-section__inner-wrap\">\n<h1 class=\"wp-block-heading\" id=\"neuigkeiten-vom-hotel-und-von-leukerbad\"><meta charset=\"utf-8\">Nouvelles de l'h\u00f4tel dala et de Lo\u00e8che-les-Bains<\/h1>\n\n\n\n<div style=\"height:40px\" aria-hidden=\"true\" class=\"wp-block-spacer\"><\/div>\n\n\n\n<p><\/p>\n\n\n\n<p class=\"has-central-palette-5-color has-text-color has-link-color wp-elements-74c0eb8cad874f021fa17b04b2d7cf75\">Depuis 30 ans, S\u00e4my est notre fid\u00e8le concierge, la mascotte de notre famille et un personnage ador\u00e9 de nombreux clients fid\u00e8les.<\/p>\n\n\n\n<p><\/p>\n\n\n\n<p><\/p>\n\n\n\n<p><\/p>\n\n\n\n<p class=\"has-central-palette-5-color has-text-color has-link-color wp-elements-a62970116c13012f0f75b95ec2c78807\"><br><\/p>\n<\/div><\/section>\n\n\n\n<section class=\"wp-block-uagb-section uagb-section__wrap uagb-section__background-color uagb-block-f1316172\"><div class=\"uagb-section__overlay\"><\/div><div class=\"uagb-section__inner-wrap\">\n<section class=\"wp-block-uagb-columns uagb-columns__wrap uagb-columns__background-none uagb-columns__stack-mobile uagb-columns__valign- uagb-columns__gap-10 align uagb-block-b8590cf9 uagb-columns__columns-2 uagb-columns__max_width-theme\"><div class=\"uagb-columns__overlay\"><\/div><div class=\"uagb-columns__inner-wrap uagb-columns__columns-2\">\n<div class=\"wp-block-uagb-column uagb-column__wrap uagb-column__background-undefined uagb-block-11eef911\"><div class=\"uagb-column__overlay\"><\/div>\n<h2 class=\"wp-block-heading\" id=\"haufig-gestellte-fragen\">R\u00e9server avec avantage<\/h2>\n\n\n\n<p>en seulement 3 minutes et seulement ici avec 10% de r\u00e9duction \u00e0 l'h\u00f4tel dala \u00e0 Leukerbad<\/p>\n<\/div>\n\n\n\n<div class=\"wp-block-uagb-column uagb-column__wrap uagb-column__background-undefined uagb-block-b6ba6fef\"><div class=\"uagb-column__overlay\"><\/div>\n<div style=\"height:50px\" aria-hidden=\"true\" class=\"wp-block-spacer\"><\/div>\n\n\n\n<div class=\"wp-block-buttons is-layout-flex wp-block-buttons-is-layout-flex\">\n<div class=\"wp-block-button aligncenter\"><a class=\"wp-block-button__link has-central-palette-4-color has-central-palette-5-background-color has-text-color has-background wp-element-button\" href=\"https:\/\/reservations.hotel-spider.com\/03264367a01abf25\" style=\"border-radius:3px\" target=\"_blank\" rel=\"noreferrer noopener\">V\u00e9rifier et r\u00e9server<\/a><\/div>\n<\/div>\n<\/div>\n<\/div><\/section>\n<\/div><\/section>\n\n\n\n<section class=\"wp-block-uagb-section uagb-section__wrap uagb-section__background-image uagb-block-35a85091 fix-scroll\"><div class=\"uagb-section__overlay\"><\/div><div class=\"uagb-section__inner-wrap\"><\/div><\/section>\n","protected":false},"excerpt":{"rendered":"","protected":false},"author":1,"featured_media":2141,"parent":0,"menu_order":0,"comment_status":"closed","ping_status":"closed","template":"","meta":{"inline_featured_image":false,"_uag_custom_page_level_css":"","footnotes":""},"class_list":["post-821","page","type-page","status-publish","has-post-thumbnail","hentry"],"yoast_head":"<!-- This site is optimized with the Yoast SEO plugin v27.4 - https:\/\/yoast.com\/product\/yoast-seo-wordpress\/ -->\n<title>Actualit\u00e9s de l&#039;H\u00f4tel dala et de Lo\u00e8che-les-Bains | Hotel dala<\/title>\n<meta name=\"description\" content=\"Informations actuelles sur l&#039;h\u00f4tel dala et Lo\u00e8che-les-Bains - la plus grande destination de vacances thermales des Alpes suisses.\" \/>\n<meta name=\"robots\" content=\"index, follow, max-snippet:-1, max-image-preview:large, max-video-preview:-1\" \/>\n<link rel=\"canonical\" href=\"https:\/\/www.dala.ch\/fr\/actualites-hotel-loeche-les-bains\/\" \/>\n<meta property=\"og:locale\" content=\"fr_FR\" \/>\n<meta property=\"og:type\" content=\"article\" \/>\n<meta property=\"og:title\" content=\"Actualit\u00e9s de l&#039;H\u00f4tel dala et de Lo\u00e8che-les-Bains | Hotel dala\" \/>\n<meta property=\"og:description\" content=\"Informations actuelles sur l&#039;h\u00f4tel dala et Lo\u00e8che-les-Bains - la plus grande destination de vacances thermales des Alpes suisses.\" \/>\n<meta property=\"og:url\" content=\"https:\/\/www.dala.ch\/fr\/actualites-hotel-loeche-les-bains\/\" \/>\n<meta property=\"og:site_name\" content=\"Hotelzimmer Leukerbad \u2013 zentral und famili\u00e4r \u2013 Hotel dala\" \/>\n<meta property=\"article:modified_time\" content=\"2024-11-20T17:01:54+00:00\" \/>\n<meta property=\"og:image\" content=\"https:\/\/www.dala.ch\/wp-content\/uploads\/2024\/11\/Equipe-1-300x200-1.jpg\" \/>\n\t<meta property=\"og:image:width\" content=\"300\" \/>\n\t<meta property=\"og:image:height\" content=\"200\" \/>\n\t<meta property=\"og:image:type\" content=\"image\/jpeg\" \/>\n<meta name=\"twitter:card\" content=\"summary_large_image\" \/>\n<meta name=\"twitter:label1\" content=\"Dur\u00e9e de lecture estim\u00e9e\" \/>\n\t<meta name=\"twitter:data1\" content=\"1 minute\" \/>\n<script type=\"application\/ld+json\" class=\"yoast-schema-graph\">{\"@context\":\"https:\\\/\\\/schema.org\",\"@graph\":[{\"@type\":\"WebPage\",\"@id\":\"https:\\\/\\\/www.dala.ch\\\/fr\\\/actualites-hotel-loeche-les-bains\\\/\",\"url\":\"https:\\\/\\\/www.dala.ch\\\/fr\\\/actualites-hotel-loeche-les-bains\\\/\",\"name\":\"Actualit\u00e9s de l'H\u00f4tel dala et de Lo\u00e8che-les-Bains | Hotel dala\",\"isPartOf\":{\"@id\":\"https:\\\/\\\/www.dala.ch\\\/fr\\\/#website\"},\"primaryImageOfPage\":{\"@id\":\"https:\\\/\\\/www.dala.ch\\\/fr\\\/actualites-hotel-loeche-les-bains\\\/#primaryimage\"},\"image\":{\"@id\":\"https:\\\/\\\/www.dala.ch\\\/fr\\\/actualites-hotel-loeche-les-bains\\\/#primaryimage\"},\"thumbnailUrl\":\"https:\\\/\\\/www.dala.ch\\\/wp-content\\\/uploads\\\/2024\\\/11\\\/Equipe-1-300x200-1.jpg\",\"datePublished\":\"2022-01-13T15:32:45+00:00\",\"dateModified\":\"2024-11-20T17:01:54+00:00\",\"description\":\"Informations actuelles sur l'h\u00f4tel dala et Lo\u00e8che-les-Bains - la plus grande destination de vacances thermales des Alpes suisses.\",\"breadcrumb\":{\"@id\":\"https:\\\/\\\/www.dala.ch\\\/fr\\\/actualites-hotel-loeche-les-bains\\\/#breadcrumb\"},\"inLanguage\":\"fr-FR\",\"potentialAction\":[{\"@type\":\"ReadAction\",\"target\":[\"https:\\\/\\\/www.dala.ch\\\/fr\\\/actualites-hotel-loeche-les-bains\\\/\"]}]},{\"@type\":\"ImageObject\",\"inLanguage\":\"fr-FR\",\"@id\":\"https:\\\/\\\/www.dala.ch\\\/fr\\\/actualites-hotel-loeche-les-bains\\\/#primaryimage\",\"url\":\"https:\\\/\\\/www.dala.ch\\\/wp-content\\\/uploads\\\/2024\\\/11\\\/Equipe-1-300x200-1.jpg\",\"contentUrl\":\"https:\\\/\\\/www.dala.ch\\\/wp-content\\\/uploads\\\/2024\\\/11\\\/Equipe-1-300x200-1.jpg\",\"width\":300,\"height\":200},{\"@type\":\"BreadcrumbList\",\"@id\":\"https:\\\/\\\/www.dala.ch\\\/fr\\\/actualites-hotel-loeche-les-bains\\\/#breadcrumb\",\"itemListElement\":[{\"@type\":\"ListItem\",\"position\":1,\"name\":\"Startseite\",\"item\":\"https:\\\/\\\/www.dala.ch\\\/fr\\\/\"},{\"@type\":\"ListItem\",\"position\":2,\"name\":\"Actualit\u00e9s H\u00f4tel \\\/ Lo\u00e8che-les-Bains\"}]},{\"@type\":\"WebSite\",\"@id\":\"https:\\\/\\\/www.dala.ch\\\/fr\\\/#website\",\"url\":\"https:\\\/\\\/www.dala.ch\\\/fr\\\/\",\"name\":\"Hotelzimmer Leukerbad \u2013 zentral und famili\u00e4r \u2013 Hotel dala\",\"description\":\"\",\"publisher\":{\"@id\":\"https:\\\/\\\/www.dala.ch\\\/fr\\\/#organization\"},\"potentialAction\":[{\"@type\":\"SearchAction\",\"target\":{\"@type\":\"EntryPoint\",\"urlTemplate\":\"https:\\\/\\\/www.dala.ch\\\/fr\\\/?s={search_term_string}\"},\"query-input\":{\"@type\":\"PropertyValueSpecification\",\"valueRequired\":true,\"valueName\":\"search_term_string\"}}],\"inLanguage\":\"fr-FR\"},{\"@type\":\"Organization\",\"@id\":\"https:\\\/\\\/www.dala.ch\\\/fr\\\/#organization\",\"name\":\"Preiswertes Hotel in Leukerbad nahe der Thermen | Hotel dala\",\"url\":\"https:\\\/\\\/www.dala.ch\\\/fr\\\/\",\"logo\":{\"@type\":\"ImageObject\",\"inLanguage\":\"fr-FR\",\"@id\":\"https:\\\/\\\/www.dala.ch\\\/fr\\\/#\\\/schema\\\/logo\\\/image\\\/\",\"url\":\"https:\\\/\\\/www.dala.ch\\\/wp-content\\\/uploads\\\/2022\\\/04\\\/Dala-hotel-110.jpg\",\"contentUrl\":\"https:\\\/\\\/www.dala.ch\\\/wp-content\\\/uploads\\\/2022\\\/04\\\/Dala-hotel-110.jpg\",\"width\":2301,\"height\":1536,\"caption\":\"Preiswertes Hotel in Leukerbad nahe der Thermen | Hotel dala\"},\"image\":{\"@id\":\"https:\\\/\\\/www.dala.ch\\\/fr\\\/#\\\/schema\\\/logo\\\/image\\\/\"}}]}<\/script>\n<!-- \/ Yoast SEO plugin. -->","yoast_head_json":{"title":"Actualit\u00e9s de l'H\u00f4tel dala et de Lo\u00e8che-les-Bains | Hotel dala","description":"Informations actuelles sur l'h\u00f4tel dala et Lo\u00e8che-les-Bains - la plus grande destination de vacances thermales des Alpes suisses.","robots":{"index":"index","follow":"follow","max-snippet":"max-snippet:-1","max-image-preview":"max-image-preview:large","max-video-preview":"max-video-preview:-1"},"canonical":"https:\/\/www.dala.ch\/fr\/actualites-hotel-loeche-les-bains\/","og_locale":"fr_FR","og_type":"article","og_title":"Actualit\u00e9s de l'H\u00f4tel dala et de Lo\u00e8che-les-Bains | Hotel dala","og_description":"Informations actuelles sur l'h\u00f4tel dala et Lo\u00e8che-les-Bains - la plus grande destination de vacances thermales des Alpes suisses.","og_url":"https:\/\/www.dala.ch\/fr\/actualites-hotel-loeche-les-bains\/","og_site_name":"Hotelzimmer Leukerbad \u2013 zentral und famili\u00e4r \u2013 Hotel dala","article_modified_time":"2024-11-20T17:01:54+00:00","og_image":[{"width":300,"height":200,"url":"https:\/\/www.dala.ch\/wp-content\/uploads\/2024\/11\/Equipe-1-300x200-1.jpg","type":"image\/jpeg"}],"twitter_card":"summary_large_image","twitter_misc":{"Dur\u00e9e de lecture estim\u00e9e":"1 minute"},"schema":{"@context":"https:\/\/schema.org","@graph":[{"@type":"WebPage","@id":"https:\/\/www.dala.ch\/fr\/actualites-hotel-loeche-les-bains\/","url":"https:\/\/www.dala.ch\/fr\/actualites-hotel-loeche-les-bains\/","name":"Actualit\u00e9s de l'H\u00f4tel dala et de Lo\u00e8che-les-Bains | Hotel dala","isPartOf":{"@id":"https:\/\/www.dala.ch\/fr\/#website"},"primaryImageOfPage":{"@id":"https:\/\/www.dala.ch\/fr\/actualites-hotel-loeche-les-bains\/#primaryimage"},"image":{"@id":"https:\/\/www.dala.ch\/fr\/actualites-hotel-loeche-les-bains\/#primaryimage"},"thumbnailUrl":"https:\/\/www.dala.ch\/wp-content\/uploads\/2024\/11\/Equipe-1-300x200-1.jpg","datePublished":"2022-01-13T15:32:45+00:00","dateModified":"2024-11-20T17:01:54+00:00","description":"Informations actuelles sur l'h\u00f4tel dala et Lo\u00e8che-les-Bains - la plus grande destination de vacances thermales des Alpes suisses.","breadcrumb":{"@id":"https:\/\/www.dala.ch\/fr\/actualites-hotel-loeche-les-bains\/#breadcrumb"},"inLanguage":"fr-FR","potentialAction":[{"@type":"ReadAction","target":["https:\/\/www.dala.ch\/fr\/actualites-hotel-loeche-les-bains\/"]}]},{"@type":"ImageObject","inLanguage":"fr-FR","@id":"https:\/\/www.dala.ch\/fr\/actualites-hotel-loeche-les-bains\/#primaryimage","url":"https:\/\/www.dala.ch\/wp-content\/uploads\/2024\/11\/Equipe-1-300x200-1.jpg","contentUrl":"https:\/\/www.dala.ch\/wp-content\/uploads\/2024\/11\/Equipe-1-300x200-1.jpg","width":300,"height":200},{"@type":"BreadcrumbList","@id":"https:\/\/www.dala.ch\/fr\/actualites-hotel-loeche-les-bains\/#breadcrumb","itemListElement":[{"@type":"ListItem","position":1,"name":"Startseite","item":"https:\/\/www.dala.ch\/fr\/"},{"@type":"ListItem","position":2,"name":"Actualit\u00e9s H\u00f4tel \/ Lo\u00e8che-les-Bains"}]},{"@type":"WebSite","@id":"https:\/\/www.dala.ch\/fr\/#website","url":"https:\/\/www.dala.ch\/fr\/","name":"Hotelzimmer Leukerbad \u2013 zentral und famili\u00e4r \u2013 Hotel dala","description":"","publisher":{"@id":"https:\/\/www.dala.ch\/fr\/#organization"},"potentialAction":[{"@type":"SearchAction","target":{"@type":"EntryPoint","urlTemplate":"https:\/\/www.dala.ch\/fr\/?s={search_term_string}"},"query-input":{"@type":"PropertyValueSpecification","valueRequired":true,"valueName":"search_term_string"}}],"inLanguage":"fr-FR"},{"@type":"Organization","@id":"https:\/\/www.dala.ch\/fr\/#organization","name":"Preiswertes Hotel in Leukerbad nahe der Thermen | Hotel dala","url":"https:\/\/www.dala.ch\/fr\/","logo":{"@type":"ImageObject","inLanguage":"fr-FR","@id":"https:\/\/www.dala.ch\/fr\/#\/schema\/logo\/image\/","url":"https:\/\/www.dala.ch\/wp-content\/uploads\/2022\/04\/Dala-hotel-110.jpg","contentUrl":"https:\/\/www.dala.ch\/wp-content\/uploads\/2022\/04\/Dala-hotel-110.jpg","width":2301,"height":1536,"caption":"Preiswertes Hotel in Leukerbad nahe der Thermen | Hotel dala"},"image":{"@id":"https:\/\/www.dala.ch\/fr\/#\/schema\/logo\/image\/"}}]}},"uagb_featured_image_src":{"full":["https:\/\/www.dala.ch\/wp-content\/uploads\/2024\/11\/Equipe-1-300x200-1.jpg",300,200,false],"thumbnail":["https:\/\/www.dala.ch\/wp-content\/uploads\/2024\/11\/Equipe-1-300x200-1.jpg",300,200,false],"medium":["https:\/\/www.dala.ch\/wp-content\/uploads\/2024\/11\/Equipe-1-300x200-1.jpg",300,200,false],"medium_large":["https:\/\/www.dala.ch\/wp-content\/uploads\/2024\/11\/Equipe-1-300x200-1.jpg",300,200,false],"large":["https:\/\/www.dala.ch\/wp-content\/uploads\/2024\/11\/Equipe-1-300x200-1.jpg",300,200,false],"1536x1536":["https:\/\/www.dala.ch\/wp-content\/uploads\/2024\/11\/Equipe-1-300x200-1.jpg",300,200,false],"2048x2048":["https:\/\/www.dala.ch\/wp-content\/uploads\/2024\/11\/Equipe-1-300x200-1.jpg",300,200,false]},"uagb_author_info":{"display_name":"admin","author_link":"https:\/\/www.dala.ch\/fr\/author\/adhowasgra\/"},"uagb_comment_info":0,"uagb_excerpt":null,"_links":{"self":[{"href":"https:\/\/www.dala.ch\/fr\/wp-json\/wp\/v2\/pages\/821","targetHints":{"allow":["GET"]}}],"collection":[{"href":"https:\/\/www.dala.ch\/fr\/wp-json\/wp\/v2\/pages"}],"about":[{"href":"https:\/\/www.dala.ch\/fr\/wp-json\/wp\/v2\/types\/page"}],"author":[{"embeddable":true,"href":"https:\/\/www.dala.ch\/fr\/wp-json\/wp\/v2\/users\/1"}],"replies":[{"embeddable":true,"href":"https:\/\/www.dala.ch\/fr\/wp-json\/wp\/v2\/comments?post=821"}],"version-history":[{"count":11,"href":"https:\/\/www.dala.ch\/fr\/wp-json\/wp\/v2\/pages\/821\/revisions"}],"predecessor-version":[{"id":2154,"href":"https:\/\/www.dala.ch\/fr\/wp-json\/wp\/v2\/pages\/821\/revisions\/2154"}],"wp:featuredmedia":[{"embeddable":true,"href":"https:\/\/www.dala.ch\/fr\/wp-json\/wp\/v2\/media\/2141"}],"wp:attachment":[{"href":"https:\/\/www.dala.ch\/fr\/wp-json\/wp\/v2\/media?parent=821"}],"curies":[{"name":"wp","href":"https:\/\/api.w.org\/{rel}","templated":true}]}}